{"id":38,"date":"2013-08-11T18:42:44","date_gmt":"2013-08-11T16:42:44","guid":{"rendered":"http:\/\/www.judo-niederstetten.de\/cms\/?page_id=38"},"modified":"2025-03-08T21:33:27","modified_gmt":"2025-03-08T19:33:27","slug":"erfolge","status":"publish","type":"page","link":"http:\/\/www.judo-niederstetten.de\/cms\/erfolge\/","title":{"rendered":"Erfolge"},"content":{"rendered":"<h2>Erfolge der Judoabteilung TV Niederstetten<\/h2>\n<p>Die Judoabteilung des TV-Niederstetten konnte unz\u00e4hlige Erfolge bei Turnieren (national und international), Bezirks-, Landes-. S\u00fcddeutschen und Deutschen Meisterschaften erringen.<br \/>\nDie Erfolge sind so zahlreich, dass hier nur die Namen der erfolgreichsten Judoka der Judoabteilung bei Einzelmeisterschaften aufgef\u00fchrt werden.<\/p>\n<p>In den Anfangsjahren waren vor allem Marion und Heike K\u00fctt, Michael Pawlitschek, Helmut Heimberger und Ren\u00e9 Wagner erfolgreich.<\/p>\n<p>Danach kamen Monika Herzog, Harald G\u00f6ller, Alexander Schmitt, Rainer Repp, Manuela Anders (Deutsche Meisterin Jugend A 1990 und Deutsche Meisterin der Frauen 1991), Anita Linder (mehrfache W\u00fcrttembergische Meisterin und Bundesliga K\u00e4mpferin), Katja und Melanie G\u00f6ller, Wolfgang und Matthias Dreher, Babara M\u00fcnz und viele mehr die zu stattlichen Erfolgen auf allen Ebenen gef\u00fchrt haben. Heike Betz, die bis heute erfolgreich auf Bundes- und Internationaler Ebene an Kata Wettk\u00e4mpfen teilnimmt.<\/p>\n<p>Aber auch der momentane Nachwuchs steht den Erfolgen in nichts nach.<\/p>\n<div id=\"attachment_659\" style=\"width: 610px\" class=\"wp-caption alignnone\"><a title=\"Erfolgreiche Jugend der Judoabteilung TV Niederstetten\" href=\"http:\/\/www.judo-niederstetten.de\/cms\/wp-content\/uploads\/2013\/08\/erfolg-kids1.jpg\" rel=\"Erfolgreiche Jugend der Judoabteilung TV Niederstetten\"><img loading=\"lazy\" decoding=\"async\" aria-describedby=\"caption-attachment-659\" class=\"size-full wp-image-659 \" title=\"Erfolgreiche Jugend der Judoabteilung TV Niederstetten\" src=\"http:\/\/www.judo-niederstetten.de\/cms\/wp-content\/uploads\/2013\/08\/erfolg-kids1.jpg\" alt=\"Erfolgreiche Jugend der Judoabteilung TV Niederstetten\" width=\"600\" height=\"335\" srcset=\"http:\/\/www.judo-niederstetten.de\/cms\/wp-content\/uploads\/2013\/08\/erfolg-kids1.jpg 600w, http:\/\/www.judo-niederstetten.de\/cms\/wp-content\/uploads\/2013\/08\/erfolg-kids1-300x167.jpg 300w\" sizes=\"auto, (max-width: 600px) 100vw, 600px\" \/><\/a><p id=\"caption-attachment-659\" class=\"wp-caption-text\">Erfolgreiche Jugend der Judoabteilung TV Niederstetten<\/p><\/div>\n","protected":false},"excerpt":{"rendered":"<p>Erfolge der Judoabteilung TV Niederstetten Die Judoabteilung des TV-Niederstetten konnte unz\u00e4hlige Erfolge bei Turnieren (national und international), Bezirks-, Landes-. S\u00fcddeutschen und Deutschen Meisterschaften erringen. Die Erfolge sind so zahlreich, dass hier nur die Namen der erfolgreichsten Judoka der Judoabteilung bei Einzelmeisterschaften aufgef\u00fchrt werden. In den Anfangsjahren waren vor allem Marion und Heike K\u00fctt, Michael Pawlitschek, [&hellip;]<\/p>\n","protected":false},"author":1,"featured_media":0,"parent":0,"menu_order":0,"comment_status":"closed","ping_status":"closed","template":"","meta":{"ngg_post_thumbnail":0,"footnotes":""},"class_list":["post-38","page","type-page","status-publish","hentry"],"_links":{"self":[{"href":"http:\/\/www.judo-niederstetten.de\/cms\/wp-json\/wp\/v2\/pages\/38","targetHints":{"allow":["GET"]}}],"collection":[{"href":"http:\/\/www.judo-niederstetten.de\/cms\/wp-json\/wp\/v2\/pages"}],"about":[{"href":"http:\/\/www.judo-niederstetten.de\/cms\/wp-json\/wp\/v2\/types\/page"}],"author":[{"embeddable":true,"href":"http:\/\/www.judo-niederstetten.de\/cms\/wp-json\/wp\/v2\/users\/1"}],"replies":[{"embeddable":true,"href":"http:\/\/www.judo-niederstetten.de\/cms\/wp-json\/wp\/v2\/comments?post=38"}],"version-history":[{"count":10,"href":"http:\/\/www.judo-niederstetten.de\/cms\/wp-json\/wp\/v2\/pages\/38\/revisions"}],"predecessor-version":[{"id":1512,"href":"http:\/\/www.judo-niederstetten.de\/cms\/wp-json\/wp\/v2\/pages\/38\/revisions\/1512"}],"wp:attachment":[{"href":"http:\/\/www.judo-niederstetten.de\/cms\/wp-json\/wp\/v2\/media?parent=38"}],"curies":[{"name":"wp","href":"https:\/\/api.w.org\/{rel}","templated":true}]}}