{"id":32,"date":"2013-08-11T18:40:46","date_gmt":"2013-08-11T16:40:46","guid":{"rendered":"http:\/\/www.judo-niederstetten.de\/cms\/?page_id=32"},"modified":"2025-11-09T09:18:22","modified_gmt":"2025-11-09T07:18:22","slug":"unsere-trainer","status":"publish","type":"page","link":"http:\/\/www.judo-niederstetten.de\/cms\/unsere-trainer\/","title":{"rendered":"Unsere Trainer"},"content":{"rendered":"<p>In den Lehrg\u00e4ngen zu den Trainerlizenzen und den Weiterbildungen zu \u00dcbungsleitern und Sportassistenten haben unsere Trainer das notwendige Handwerkszeug mit auf den Weg bekommen.<\/p>\n<p>Durch Fach.-, Methoden.- und soziale Kompetenz verstehen es unsere Trainer immer wieder auch Problemf\u00e4lle in eine Gemeinschaft zu integrieren.<\/p>\n<p>[Bild folgt]<\/p>\n<p>Jenny K\u00e4ss-Zin\u00dfer<br \/>\n1.Dan<br \/>\nJudo seit 1990<br \/>\nTrainerin + Pr\u00fcferin&nbsp;<\/p>\n<p>[Bild folgt]<\/p>\n<p>Uwe Ludewig<br \/>\n1.Kyu<br \/>\nJudo seit 1985<br \/>\nTrainer<\/p>\n<div id=\"attachment_1551\" style=\"width: 1873px\" class=\"wp-caption aligncenter\"><a href=\"http:\/\/www.judo-niederstetten.de\/cms\/wp-content\/uploads\/2025\/11\/Sandra-Lembke.jpg\"><img loading=\"lazy\" decoding=\"async\" aria-describedby=\"caption-attachment-1551\" class=\"size-full wp-image-1551\" src=\"http:\/\/www.judo-niederstetten.de\/cms\/wp-content\/uploads\/2025\/11\/Sandra-Lembke.jpg\" alt=\"Judotrainerin Sandra Lembke\" width=\"1863\" height=\"1892\" srcset=\"http:\/\/www.judo-niederstetten.de\/cms\/wp-content\/uploads\/2025\/11\/Sandra-Lembke.jpg 1863w, http:\/\/www.judo-niederstetten.de\/cms\/wp-content\/uploads\/2025\/11\/Sandra-Lembke-295x300.jpg 295w, http:\/\/www.judo-niederstetten.de\/cms\/wp-content\/uploads\/2025\/11\/Sandra-Lembke-1008x1024.jpg 1008w, http:\/\/www.judo-niederstetten.de\/cms\/wp-content\/uploads\/2025\/11\/Sandra-Lembke-768x780.jpg 768w, http:\/\/www.judo-niederstetten.de\/cms\/wp-content\/uploads\/2025\/11\/Sandra-Lembke-1512x1536.jpg 1512w\" sizes=\"auto, (max-width: 1863px) 100vw, 1863px\" \/><\/a><p id=\"caption-attachment-1551\" class=\"wp-caption-text\">Judotrainerin Sandra Lembke<\/p><\/div>\n<p>Sandra Lembke&nbsp;<br \/>\n1.Kyu<br \/>\nJudo seit 1992<br \/>\nTrainerin<\/p>\n<div id=\"attachment_1550\" style=\"width: 1958px\" class=\"wp-caption aligncenter\"><a href=\"http:\/\/www.judo-niederstetten.de\/cms\/wp-content\/uploads\/2025\/11\/Patric-Sprung.jpg\"><img loading=\"lazy\" decoding=\"async\" aria-describedby=\"caption-attachment-1550\" class=\"size-full wp-image-1550\" src=\"http:\/\/www.judo-niederstetten.de\/cms\/wp-content\/uploads\/2025\/11\/Patric-Sprung.jpg\" alt=\"Judotrainer Patic Sprung\" width=\"1948\" height=\"2291\" srcset=\"http:\/\/www.judo-niederstetten.de\/cms\/wp-content\/uploads\/2025\/11\/Patric-Sprung.jpg 1948w, http:\/\/www.judo-niederstetten.de\/cms\/wp-content\/uploads\/2025\/11\/Patric-Sprung-255x300.jpg 255w, http:\/\/www.judo-niederstetten.de\/cms\/wp-content\/uploads\/2025\/11\/Patric-Sprung-871x1024.jpg 871w, http:\/\/www.judo-niederstetten.de\/cms\/wp-content\/uploads\/2025\/11\/Patric-Sprung-768x903.jpg 768w, http:\/\/www.judo-niederstetten.de\/cms\/wp-content\/uploads\/2025\/11\/Patric-Sprung-1306x1536.jpg 1306w, http:\/\/www.judo-niederstetten.de\/cms\/wp-content\/uploads\/2025\/11\/Patric-Sprung-1741x2048.jpg 1741w\" sizes=\"auto, (max-width: 1948px) 100vw, 1948px\" \/><\/a><p id=\"caption-attachment-1550\" class=\"wp-caption-text\">Judotrainer Patic Sprung<\/p><\/div>\n<p>Patric Sprung<br \/>\n1.Kyu<br \/>\nJudo seit 1977<br \/>\nKindertrainer<\/p>\n<p>[Bild folgt]<\/p>\n<p>Nadine Lembke&nbsp;<br \/>\n2.Kyu<br \/>\nJudo seit 2011<br \/>\nHilfstrainerin&nbsp;<\/p>\n<div id=\"attachment_1549\" style=\"width: 1510px\" class=\"wp-caption aligncenter\"><a href=\"http:\/\/www.judo-niederstetten.de\/cms\/wp-content\/uploads\/2025\/11\/Maria-Elisabeth-Liebig.jpg\"><img loading=\"lazy\" decoding=\"async\" aria-describedby=\"caption-attachment-1549\" class=\"size-full wp-image-1549\" src=\"http:\/\/www.judo-niederstetten.de\/cms\/wp-content\/uploads\/2025\/11\/Maria-Elisabeth-Liebig.jpg\" alt=\"Judotrainerin Maria Elisabeth-Liebig\" width=\"1500\" height=\"2000\" srcset=\"http:\/\/www.judo-niederstetten.de\/cms\/wp-content\/uploads\/2025\/11\/Maria-Elisabeth-Liebig.jpg 1500w, http:\/\/www.judo-niederstetten.de\/cms\/wp-content\/uploads\/2025\/11\/Maria-Elisabeth-Liebig-225x300.jpg 225w, http:\/\/www.judo-niederstetten.de\/cms\/wp-content\/uploads\/2025\/11\/Maria-Elisabeth-Liebig-768x1024.jpg 768w, http:\/\/www.judo-niederstetten.de\/cms\/wp-content\/uploads\/2025\/11\/Maria-Elisabeth-Liebig-1152x1536.jpg 1152w\" sizes=\"auto, (max-width: 1500px) 100vw, 1500px\" \/><\/a><p id=\"caption-attachment-1549\" class=\"wp-caption-text\">Judotrainerin Maria Elisabeth-Liebig<\/p><\/div>\n<p>Maria Elisabeth Liebig<br \/>\n2.Kyu<br \/>\nJudo seit 2015<br \/>\nHilfstrainerin&nbsp;<\/p>\n<div id=\"attachment_1547\" style=\"width: 1445px\" class=\"wp-caption aligncenter\"><a href=\"http:\/\/www.judo-niederstetten.de\/cms\/wp-content\/uploads\/2025\/11\/Alexander-Mclean.jpg\"><img loading=\"lazy\" decoding=\"async\" aria-describedby=\"caption-attachment-1547\" class=\"size-full wp-image-1547\" src=\"http:\/\/www.judo-niederstetten.de\/cms\/wp-content\/uploads\/2025\/11\/Alexander-Mclean.jpg\" alt=\"Judotrainer Alexander-Mclean\" width=\"1435\" height=\"2109\" srcset=\"http:\/\/www.judo-niederstetten.de\/cms\/wp-content\/uploads\/2025\/11\/Alexander-Mclean.jpg 1435w, http:\/\/www.judo-niederstetten.de\/cms\/wp-content\/uploads\/2025\/11\/Alexander-Mclean-204x300.jpg 204w, http:\/\/www.judo-niederstetten.de\/cms\/wp-content\/uploads\/2025\/11\/Alexander-Mclean-697x1024.jpg 697w, http:\/\/www.judo-niederstetten.de\/cms\/wp-content\/uploads\/2025\/11\/Alexander-Mclean-768x1129.jpg 768w, http:\/\/www.judo-niederstetten.de\/cms\/wp-content\/uploads\/2025\/11\/Alexander-Mclean-1045x1536.jpg 1045w, http:\/\/www.judo-niederstetten.de\/cms\/wp-content\/uploads\/2025\/11\/Alexander-Mclean-1393x2048.jpg 1393w\" sizes=\"auto, (max-width: 1435px) 100vw, 1435px\" \/><\/a><p id=\"caption-attachment-1547\" class=\"wp-caption-text\">Judotrainer Alexander Mclean<\/p><\/div>\n<p>Alexander Mclean&nbsp;<br \/>\n4.Kyu<br \/>\nJudo seit 2017<br \/>\nHilfstrainer<\/p>\n<div id=\"attachment_1548\" style=\"width: 1718px\" class=\"wp-caption aligncenter\"><a href=\"http:\/\/www.judo-niederstetten.de\/cms\/wp-content\/uploads\/2025\/11\/lorian-Alves-Garcia.jpg\"><img loading=\"lazy\" decoding=\"async\" aria-describedby=\"caption-attachment-1548\" class=\"size-full wp-image-1548\" src=\"http:\/\/www.judo-niederstetten.de\/cms\/wp-content\/uploads\/2025\/11\/lorian-Alves-Garcia.jpg\" alt=\"Judotrainer lorian Alves-Garcia\" width=\"1708\" height=\"1835\" srcset=\"http:\/\/www.judo-niederstetten.de\/cms\/wp-content\/uploads\/2025\/11\/lorian-Alves-Garcia.jpg 1708w, http:\/\/www.judo-niederstetten.de\/cms\/wp-content\/uploads\/2025\/11\/lorian-Alves-Garcia-279x300.jpg 279w, http:\/\/www.judo-niederstetten.de\/cms\/wp-content\/uploads\/2025\/11\/lorian-Alves-Garcia-953x1024.jpg 953w, http:\/\/www.judo-niederstetten.de\/cms\/wp-content\/uploads\/2025\/11\/lorian-Alves-Garcia-768x825.jpg 768w, http:\/\/www.judo-niederstetten.de\/cms\/wp-content\/uploads\/2025\/11\/lorian-Alves-Garcia-1430x1536.jpg 1430w\" sizes=\"auto, (max-width: 1708px) 100vw, 1708px\" \/><\/a><p id=\"caption-attachment-1548\" class=\"wp-caption-text\">Judotrainer<br \/>Florian Alves Garcia<\/p><\/div>\n<p>Florian Alves Garcia&nbsp;<br \/>\n4 Kyu&nbsp;<br \/>\nJudo seit 2008<br \/>\nHilfstrainer<\/p>\n","protected":false},"excerpt":{"rendered":"<p>In den Lehrg\u00e4ngen zu den Trainerlizenzen und den Weiterbildungen zu \u00dcbungsleitern und Sportassistenten haben unsere Trainer das notwendige Handwerkszeug mit auf den Weg bekommen. Durch Fach.-, Methoden.- und soziale Kompetenz verstehen es unsere Trainer immer wieder auch Problemf\u00e4lle in eine Gemeinschaft zu integrieren. [Bild folgt] Jenny K\u00e4ss-Zin\u00dfer 1.Dan Judo seit 1990 Trainerin + Pr\u00fcferin&nbsp; [Bild [&hellip;]<\/p>\n","protected":false},"author":1,"featured_media":0,"parent":0,"menu_order":0,"comment_status":"closed","ping_status":"closed","template":"","meta":{"ngg_post_thumbnail":0,"footnotes":""},"class_list":["post-32","page","type-page","status-publish","hentry"],"_links":{"self":[{"href":"http:\/\/www.judo-niederstetten.de\/cms\/wp-json\/wp\/v2\/pages\/32","targetHints":{"allow":["GET"]}}],"collection":[{"href":"http:\/\/www.judo-niederstetten.de\/cms\/wp-json\/wp\/v2\/pages"}],"about":[{"href":"http:\/\/www.judo-niederstetten.de\/cms\/wp-json\/wp\/v2\/types\/page"}],"author":[{"embeddable":true,"href":"http:\/\/www.judo-niederstetten.de\/cms\/wp-json\/wp\/v2\/users\/1"}],"replies":[{"embeddable":true,"href":"http:\/\/www.judo-niederstetten.de\/cms\/wp-json\/wp\/v2\/comments?post=32"}],"version-history":[{"count":12,"href":"http:\/\/www.judo-niederstetten.de\/cms\/wp-json\/wp\/v2\/pages\/32\/revisions"}],"predecessor-version":[{"id":1556,"href":"http:\/\/www.judo-niederstetten.de\/cms\/wp-json\/wp\/v2\/pages\/32\/revisions\/1556"}],"wp:attachment":[{"href":"http:\/\/www.judo-niederstetten.de\/cms\/wp-json\/wp\/v2\/media?parent=32"}],"curies":[{"name":"wp","href":"https:\/\/api.w.org\/{rel}","templated":true}]}}