{"id":26,"date":"2013-08-11T18:39:01","date_gmt":"2013-08-11T16:39:01","guid":{"rendered":"http:\/\/www.judo-niederstetten.de\/cms\/?page_id=26"},"modified":"2021-04-20T12:40:26","modified_gmt":"2021-04-20T10:40:26","slug":"links","status":"publish","type":"page","link":"http:\/\/www.judo-niederstetten.de\/cms\/links\/","title":{"rendered":"Links"},"content":{"rendered":"<div id=\"inhalt\">\n<h2>Links zu anderen Judo-Webseiten<\/h2>\n<h3>Hauptverband<\/h3>\n<p><a title=\"Externer Link zum DeutschenJudo Bund e.V.\" href=\"http:\/\/www.judobund.de\" target=\"_blank\" rel=\"noopener\">Deutscher Judo-Bund e.V.<\/a><\/p>\n<h3>DJB Landesverb\u00e4nde<\/h3>\n<p><a title=\"Badischer Judo-Verband\" href=\"http:\/\/www.badischer-judo-verband.de\" target=\"_blank\" rel=\"noopener\">Badischer Judo-Verband<\/a><br \/>\n<a title=\"Bayerischer Judo-Verband\" href=\"http:\/\/www.b-j-v.de\" target=\"_blank\" rel=\"noopener\">Bayerischer Judo-Verband<\/a><br \/>\n<a title=\"Brandenburgischer Judo-Verband\" href=\"http:\/\/www.bjv-judo.de\" target=\"_blank\" rel=\"noopener\">Brandenburgischer Judo-Verband<\/a><br \/>\n<a title=\"Bremer Judo-Verband\" href=\"http:\/\/www.bremer-judo-verband.de\" target=\"_blank\" rel=\"noopener\">Bremer Judo-Verband<\/a><br \/>\n<a title=\"Hamburger Judo-Verband\" href=\"http:\/\/www.hamburg-judo.de\" target=\"_blank\" rel=\"noopener\">Hamburger Judo-Verband<\/a><br \/>\n<a title=\"Hessischer Judo-Verband\" href=\"http:\/\/www.hessenjudo.de\" target=\"_blank\" rel=\"noopener\">Hessischer Judo-Verband<\/a><br \/>\n<a title=\"Judo-Verband Berlin\" href=\"http:\/\/www.judo-verband-berlin.de\" target=\"_blank\" rel=\"noopener\">Judo-Verband Berlin<\/a><br \/>\n<a title=\"Judo-Verband Mecklenburg-Vorpommern\" href=\"http:\/\/www.jvmv.de\" target=\"_blank\" rel=\"noopener\">Judo-Verband Mecklenburg-Vorpommern<\/a><br \/>\n<a title=\"Judo-Verband Pflaz\" href=\"http:\/\/www.judoverbandpfalz.de\" target=\"_blank\" rel=\"noopener\">Judo-Verband Pfalz<\/a><br \/>\n<a title=\"Judo-Verband Rheinland\" href=\"http:\/\/www.judo-rheinland.de\" target=\"_blank\" rel=\"noopener\">Judo-Verband Rheinland<\/a><br \/>\n<a title=\"Judo-Verband Sachsen\" href=\"http:\/\/www.sachsenjudo.de\" target=\"_blank\" rel=\"noopener\">Judo-Verband Sachsen<\/a><br \/>\n<a title=\"Judo-Verband Sachsen-Anhalt\" href=\"http:\/\/www.judo-st.de\" target=\"_blank\" rel=\"noopener\">Judo-Verband Sachsen-Anhalt<\/a><br \/>\n<a title=\"Judo-Verband Schleswig Holstein\" href=\"http:\/\/www.jvsh.de\" target=\"_blank\" rel=\"noopener\">Judo-Verband Schleswig Holstein<\/a><br \/>\n<a title=\"Nieders\u00e4chsischer Judo-Verband\" href=\"http:\/\/www.njv.de\" target=\"_blank\" rel=\"noopener\">Nieders\u00e4chsischer Judo-Verband<\/a><br \/>\n<a title=\"Nordrhein-Westf\u00e4lischer Judo-Verband\" href=\"http:\/\/www.nwjv.de\" target=\"_blank\" rel=\"noopener\">Nordrhein-Westf\u00e4lischer Judo-Verband<\/a><br \/>\n<a title=\"Saarl\u00e4ndischer Judo-Bund\" href=\"http:\/\/www.saarlaendischer-judobund.de\" target=\"_blank\" rel=\"noopener\">Saarl\u00e4ndischer Judo-Bund<\/a><br \/>\n<a title=\"Th\u00fcringer Judo-Verband\" href=\"http:\/\/www.thueringen-judo.de\" target=\"_blank\" rel=\"noopener\">Th\u00fcringer Judo-Verband<\/a><br \/>\n<a title=\"W\u00fcrttembergischer Judo-Verband\" href=\"http:\/\/www.wjv.de\" target=\"_blank\" rel=\"noopener\">W\u00fcrttembergischer Judo-Verband<\/a><\/p>\n<h3>TV Niederstetten<\/h3>\n<p><a title=\"TV Niederstetten 1862 e.V.\" href=\"http:\/\/www.tv-niederstetten.de\" target=\"_blank\" rel=\"noopener\">TV Niederstetten 1862 e.V.<\/a><br \/>\n<a title=\"Fussball\" href=\"http:\/\/www.tvn-fussball.de\" target=\"_blank\" rel=\"noopener\">Fussball<\/a><br \/>\n<a title=\"Sch\u00fctzenabteilung Niederstetten\" href=\"http:\/\/www.schuetzenkreis-mergentheim.de\/seiten\/2109\/\" target=\"_blank\" rel=\"noopener\">Sch\u00fctzenabteilung Niederstetten<\/a><\/p>\n<h3>Judo Vereine<\/h3>\n<p><a title=\"TV Flein Abt. Judo\" href=\"http:\/\/www.fleiner-judoka.de\" target=\"_blank\" rel=\"noopener\">TV Flein Abt. Judo<\/a><br \/>\n<a title=\"Ju-Jutsu TSV Weikersheim\" href=\"http:\/\/www.tsv-weikersheim-jujutsu.de\" target=\"_blank\" rel=\"noopener\">Ju-Jutsu TSV Weikersheim<\/a><br \/>\n<a title=\"Budotomo T\u00fcbingen e.V.\" href=\"http:\/\/budotomo.de\" target=\"_blank\" rel=\"noopener\">Budotomo T\u00fcbingen e.V. &#8211; Empfehlung!<\/a><\/p>\n<h3>Verschiedenes<\/h3>\n<h3><a title=\"Janus-Apotheke Markelsheim\" href=\"http:\/\/www.janus-apotheke.com\/\" target=\"_blank\" rel=\"noopener\">Janus-Apotheke Markelsheim<\/a><br \/>\n<a title=\"Stadt Niederstetten\" href=\"http:\/\/www.niederstetten.de\/\" target=\"_blank\" rel=\"noopener\">Stadt Niederstetten<\/a><\/h3>\n<\/div>\n","protected":false},"excerpt":{"rendered":"<p>Links zu anderen Judo-Webseiten Hauptverband Deutscher Judo-Bund e.V. DJB Landesverb\u00e4nde Badischer Judo-Verband Bayerischer Judo-Verband Brandenburgischer Judo-Verband Bremer Judo-Verband Hamburger Judo-Verband Hessischer Judo-Verband Judo-Verband Berlin Judo-Verband Mecklenburg-Vorpommern Judo-Verband Pfalz Judo-Verband Rheinland Judo-Verband Sachsen Judo-Verband Sachsen-Anhalt Judo-Verband Schleswig Holstein Nieders\u00e4chsischer Judo-Verband Nordrhein-Westf\u00e4lischer Judo-Verband Saarl\u00e4ndischer Judo-Bund Th\u00fcringer Judo-Verband W\u00fcrttembergischer Judo-Verband TV Niederstetten TV Niederstetten 1862 e.V. Fussball Sch\u00fctzenabteilung [&hellip;]<\/p>\n","protected":false},"author":1,"featured_media":0,"parent":0,"menu_order":0,"comment_status":"closed","ping_status":"closed","template":"","meta":{"ngg_post_thumbnail":0,"footnotes":""},"class_list":["post-26","page","type-page","status-publish","hentry"],"_links":{"self":[{"href":"http:\/\/www.judo-niederstetten.de\/cms\/wp-json\/wp\/v2\/pages\/26","targetHints":{"allow":["GET"]}}],"collection":[{"href":"http:\/\/www.judo-niederstetten.de\/cms\/wp-json\/wp\/v2\/pages"}],"about":[{"href":"http:\/\/www.judo-niederstetten.de\/cms\/wp-json\/wp\/v2\/types\/page"}],"author":[{"embeddable":true,"href":"http:\/\/www.judo-niederstetten.de\/cms\/wp-json\/wp\/v2\/users\/1"}],"replies":[{"embeddable":true,"href":"http:\/\/www.judo-niederstetten.de\/cms\/wp-json\/wp\/v2\/comments?post=26"}],"version-history":[{"count":6,"href":"http:\/\/www.judo-niederstetten.de\/cms\/wp-json\/wp\/v2\/pages\/26\/revisions"}],"predecessor-version":[{"id":1343,"href":"http:\/\/www.judo-niederstetten.de\/cms\/wp-json\/wp\/v2\/pages\/26\/revisions\/1343"}],"wp:attachment":[{"href":"http:\/\/www.judo-niederstetten.de\/cms\/wp-json\/wp\/v2\/media?parent=26"}],"curies":[{"name":"wp","href":"https:\/\/api.w.org\/{rel}","templated":true}]}}