{"id":24,"date":"2013-08-11T18:38:34","date_gmt":"2013-08-11T16:38:34","guid":{"rendered":"http:\/\/www.judo-niederstetten.de\/cms\/?page_id=24"},"modified":"2025-03-08T21:19:36","modified_gmt":"2025-03-08T19:19:36","slug":"impressum","status":"publish","type":"page","link":"http:\/\/www.judo-niederstetten.de\/cms\/impressum\/","title":{"rendered":"Impressum"},"content":{"rendered":"<h2>Verantwortlich f\u00fcr den Inhalt der Seite<\/h2>\n<p>Judoabteilung TV Niederstetten<br \/>\nAm Alten Berg 2<br \/>\n97996 Niederstetten<\/p>\n<p>Telefon: 07932\/604533 (Hauptverein)<\/p>\n<h2>Hauptverein<\/h2>\n<p>TV Niederstetten 1862 e.V.<br \/>\nSeestra\u00dfe 2<br \/>\n97996 Niederstetten<br \/>\nTelefon und Fax: 07932\/604272<br \/>\nE-Mail:<a href=\"mailto:buero@tv-niederstetten.de\">buero@tv-niederstetten.de<\/a><\/p>\n<h2>1. Vorsitzende<\/h2>\n<p>Sandra Lembke<\/p>\n<h2>Hinweis:<\/h2>\n<p>Idee, Konzept, Design und Layout dieser Homepage sind urheberechtlich gesch\u00fctzt.<\/p>\n<p>Jede Form der Nachahmung und Wiederver\u00f6ffentlichung von Texten, Bildern, Daten und sonstigen Elementen ist unzul\u00e4ssig.<\/p>\n<p>Das Einbinden von Seiten, Skripts oder Grafiken in andere Internetpr\u00e4senzen ist untersagt, wenn hierdurch der Eindruck erweckt wird, diese Elemente w\u00e4ren Bestandteile der verwendenden Pr\u00e4senz, oder wenn nicht zweifelsfrei kenntlich gemacht wird, dass es sich um einen Zugriff auf das ensprechende Verzeichnis handelt.<\/p>\n<p>Sollte diese Seite in irgendeinem Zusammenhang gegen ein Urheberrecht o.\u00e4. bzw. gegen geltendes Recht versto\u00dfen, senden Sie uns bitte umgehend ein E-Mail an webmaster@judo-niederstetten.de, damit ich das Material entfernen kann!<\/p>\n<h2>Datenschutz<\/h2>\n<p>Die Betreiber dieser Seiten nehmen den Schutz Ihrer pers\u00f6nlichen Daten sehr ernst. Wir behandeln Ihre personenbezogenen Daten<br \/>\nvertraulich und entsprechend der gesetzlichen Datenschutzvorschriften sowie dieser<br \/>\nDatenschutzerkl\u00e4rung.<\/p>\n<p>Die Nutzung unserer Website ist in der Regel ohne Angabe personenbezogener Daten m\u00f6glich. Soweit auf unseren Seiten personenbezogene Daten<br \/>\n(beispielsweise Name, Anschrift oder E-Mail-Adressen) erhoben werden, erfolgt dies, soweit m\u00f6glich, stets auf freiwilliger Basis. Diese Daten werden ohne Ihre ausdr\u00fcckliche Zustimmung nicht an Dritte weitergegeben.<\/p>\n<p>Wir weisen darauf hin, dass die Daten\u00fcbertragung im Internet (z.B. bei der Kommunikation per E-Mail) Sicherheitsl\u00fccken aufweisen kann. Ein l\u00fcckenloser Schutz der Daten vor dem Zugriff durch Dritte ist nicht m\u00f6glich.<\/p>\n<h3>Erhebung von Zugriffsdaten und Logfiles<\/h3>\n<p>Wir, bzw. unser Hostinganbieter 1&amp;1, erhebt auf Grundlage unserer berechtigten Interessen im Sinne des Art. 6 Abs. 1 lit. f. DSGVO Daten \u00fcber jeden Zugriff auf den Server, auf dem sich dieser Dienst befindet (sogenannte Serverlogfiles). Zu den Zugriffsdaten geh\u00f6ren Name der abgerufenen Webseite, Datei, Datum und Uhrzeit des Abrufs, \u00fcbertragene Datenmenge, Meldung \u00fcber erfolgreichen Abruf, Browsertyp nebst Version, das Betriebssystem des Nutzers, Referrer URL (die zuvor besuchte Seite), IP-Adresse und der anfragende Provider.<br \/>\nLogfile-Informationen werden aus Sicherheitsgr\u00fcnden (z.B. zur Aufkl\u00e4rung von Missbrauchs- oder Betrugshandlungen) f\u00fcr die Dauer von maximal 7 Tagen gespeichert und danach gel\u00f6scht. Daten, deren weitere Aufbewahrung zu Beweiszwecken erforderlich ist, sind bis zur endg\u00fcltigen Kl\u00e4rung des jeweiligen Vorfalls von der L\u00f6schung ausgenommen.<br \/>\nEin entsprechender Vertrag zur Auftragsverarbeitung gem\u00e4\u00df Art. 28 DSGVO mit unsere Provider liegt uns vor.<\/p>\n<h3>Cookies<\/h3>\n<p>Die Internetseiten verwenden teilweise so genannte Cookies. Cookies richten auf Ihrem Rechner keinen Schaden an und enthalten keine Viren. Cookies dienen dazu, unser Angebot nutzerfreundlicher, effektiver und sicherer zu machen. Cookies sind kleine Textdateien, die auf IhremRechner abgelegt werden und die Ihr Browser speichert.<\/p>\n<p>Die meisten der von uns verwendeten Cookies sind so genannte \u201eSession-Cookies\u201c. Sie werden nach Ende Ihres Besuchs automatisch gel\u00f6scht. Andere Cookies bleiben auf Ihrem Endger\u00e4t gespeichert, bis Sie diese l\u00f6schen.<br \/>\nDiese Cookies erm\u00f6glichen es uns, Ihren Browser beim n\u00e4chsten Besuch wiederzuerkennen.<\/p>\n<p>Die Verarbeitung erfolgt auf Grundlage des \u00a7 15 (3) TMG sowie Art. 6 (1) lit. f DSGVO aus dem berechtigten Interesse an den oben genannten Zwecken. Die auf diese Weise von Ihnen erhobenen Daten werden durch technische Vorkehrungen pseudonymisiert. Eine Zuordnung der Daten zu Ihrer Person ist daher nicht mehr m\u00f6glich. Die Daten werden nicht gemeinsam mit sonstigen personenbezogenen Daten von Ihnen gespeichert.<\/p>\n<p>Sie k\u00f6nnen Ihren Browser so einstellen, dass Sie \u00fcber das Setzen von Cookies informiert werden und Cookies nur im Einzelfall erlauben, die Annahme von Cookies f\u00fcr bestimmte F\u00e4lle oder generell ausschlie\u00dfen sowie das automatische L\u00f6schen der Cookies beim Schlie\u00dfen des Browser aktivieren. Bei der Deaktivierung von Cookies kann die Funktionalit\u00e4t dieser Website eingeschr\u00e4nkt sein.<\/p>\n<h3>Google Analytics<\/h3>\n<p>Diese Website nutzt Funktionen des Webanalysedienstes Google Analytics. Anbieter ist die Google Inc., 1600<br \/>\nAmphitheatre Parkway Mountain View, CA 94043, USA.<\/p>\n<p>Google Analytics verwendet so genannte \u201eCookies\u201c. Das sind Textdateien, die auf Ihrem Computer gespeichert werden und die eine<br \/>\nAnalyse der Benutzung der Website durch Sie erm\u00f6glichen. Die durch den Cookie erzeugten Informationen \u00fcber Ihre Benutzung dieser Website werden in der Regel an einen Server von Google in den USA \u00fcbertragen und dort gespeichert.<\/p>\n<h3>IP Anonymisierung<\/h3>\n<p>Wir haben auf dieser Website die Funktion IP-Anonymisierung aktiviert. Dadurch wird Ihre IP-Adresse von Google innerhalb von Mitgliedstaaten der Europ\u00e4ischen Union oder in anderen Vertragsstaaten des Abkommens \u00fcber den Europ\u00e4ischen Wirtschaftsraum vor der \u00dcbermittlung in die USA gek\u00fcrzt. Nur in Ausnahmef\u00e4llen wird die volle IP-Adresse an einen Server von Google in den USA \u00fcbertragen und dort gek\u00fcrzt. Im Auftrag des Betreibers dieser Website wird Google diese Informationen benutzen, um Ihre Nutzung der Website auszuwerten, um Reports \u00fcber die Websiteaktivit\u00e4ten zusammenzustellen und um weitere mit der Websitenutzung und der Internetnutzung verbundene Dienstleistungen gegen\u00fcber dem Websitebetreiber zu erbringen. Die im Rahmen von Google Analytics von Ihrem Browser \u00fcbermittelte IP-Adresse wird nicht mit anderen<br \/>\nDaten von Google zusammengef\u00fchrt.<\/p>\n<h3>Google Web Fonts<\/h3>\n<p>Diese Seite nutzt zur einheitlichen Darstellung von Schriftarten so genannte Web Fonts die von der Google LLC., 1600 Amphitheatre Parkway, Mountain View, CA 94043, USA (\u201eGoogle\u201c) bereitgestellt werden. Beim Aufruf einer Seite l\u00e4dt Ihr Browser die ben\u00f6tigten Web Fonts in ihren Browser-Cache, um Texte und Schriftarten korrekt anzuzeigen.<br \/>\nZu diesem Zweck muss der von Ihnen verwendete Browser Verbindung zu den Servern von Google aufnehmen. Hierdurch erlangt Google Kenntnis dar\u00fcber, dass \u00fcber Ihre IP-Adresse unsere Website aufgerufen wurde. Die Nutzung von Google Web Fonts erfolgt im Interesse einer einheitlichen und ansprechenden Darstellung unserer Online-Angebote. Dies stellt ein berechtigtes Interesse im Sinne von Art. 6 Abs. 1 lit. f DSGVO dar. Wenn Ihr Browser Web Fonts nicht unterst\u00fctzt, wird eine Standardschrift von Ihrem Computer genutzt.<br \/>\nGoogle LLC mit Sitz in den USA ist f\u00fcr das us-europ\u00e4ische Datenschutz\u00fcbereinkommen \u201ePrivacy Shield\u201c zertifiziert, welches die Einhaltung des in der EU geltenden Datenschutzniveaus gew\u00e4hrleistet.<br \/>\nWeitere Informationen zu Google Web Fonts finden Sie unter <a href=\"https:\/\/developers.google.com\/fonts\/faq\" target=\"_blank\" rel=\"noopener\">https:\/\/developers.google.com\/fonts\/faq<\/a><br \/>\nund in der Datenschutzerkl\u00e4rung von Google:<br \/>\n<a href=\"https:\/\/www.google.com\/policies\/privacy\/\" target=\"_blank\" rel=\"noopener\">https:\/\/www.google.com\/policies\/privacy\/<\/a><\/p>\n<h3>Browser Plugin<\/h3>\n<p>Sie k\u00f6nnen die Speicherung der Cookies durch eine entsprechende Einstellung Ihrer Browser-Software verhindern; wir weisen Sie jedoch darauf hin, dass Sie in diesem Fall gegebenenfalls nicht s\u00e4mtliche Funktionen dieser Website vollumf\u00e4nglich werden nutzen k\u00f6nnen. Sie k\u00f6nnen dar\u00fcber hinaus die Erfassung der durch den Cookie erzeugten und auf Ihre Nutzung der Website bezogenen Daten (inkl. Ihrer IP-Adresse) an Google sowie die Verarbeitung dieser Daten durch Google verhindern, indem Sie das unter dem folgenden Link verf\u00fcgbare Browser-Plugin herunterladen und<br \/>\ninstallieren: <a href=\"https:\/\/tools.google.com\/dlpage\/gaoptout?hl=de\" target=\"_blank\" rel=\"noopener\">https:\/\/tools.google.com\/dlpage\/gaoptout?hl=de<\/a><\/p>\n<h3>Auftragsdatenverarbeitung<\/h3>\n<p>Wir haben mit Google einen Vertrag zur Auftragsdatenverarbeitung abgeschlossen und setzen die strengen Vorgaben der deutschen Datenschutzbeh\u00f6rden bei der Nutzung von Google Analytics vollst\u00e4ndig um.<\/p>\n<h3>YouTube<\/h3>\n<p>Unsere Website nutzt Plugins der von Google betriebenen Seite YouTube. Betreiber der Seiten ist die YouTube, LLC, 901 Cherry Ave., San Bruno, CA 94066, USA. Wenn Sie eine unserer mit einem YouTube-Plugin ausgestatteten Seiten besuchen, wird eine Verbindung zu den Servern von YouTube hergestellt.<br \/>\nDabei wird dem Youtube-Server mitgeteilt, welche unserer Seiten Sie besucht haben.<\/p>\n<p>Wenn Sie in Ihrem YouTube-Account eingeloggt sind erm\u00f6glichen Sie YouTube, Ihr Surfverhalten direkt Ihrem pers\u00f6nlichen Profil zuzuordnen. Dies k\u00f6nnen Sie verhindern, indem Sie sich aus Ihrem YouTube-Account ausloggen.<\/p>\n<p>Weitere Informationen zum Umgang von Nutzerdaten finden Sie in der Datenschutzerkl\u00e4rung von YouTube unter: <a href=\"https:\/\/www.google.de\/intl\/de\/policies\/privacy\" target=\"_blank\" rel=\"noopener\">https:\/\/www.google.de\/intl\/de\/policies\/privacy<\/a><\/p>\n<h3>Kommentarfunktionen auf dieser Website<\/h3>\n<p>Diese Funktion steht nicht zur Verf\u00fcgung.<\/p>\n<h3>Jetpack (WordPress Stats)<\/h3>\n<p>Wir nutzen auf Grundlage unserer berechtigten Interessen (d.h. Interesse an der Analyse, Optimierung und wirtschaftlichem Betrieb unseres Onlineangebotes im Sinne des Art. 6 Abs. 1 lit. f. DSGVO) das Plugin Jetpack (hier die Unterfunktion \u201eWordpress Stats\u201c), welches ein Tool zur statistischen Auswertung der Besucherzugriffe einbindet und von Automattic Inc., 60 29th Street #343, San Francisco, CA 94110, USA. Jetpack verwendet sog. \u201eCookies\u201c, Textdateien, die auf Ihrem Computer gespeichert werden und die eine Analyse der Benutzung der Website durch Sie erm\u00f6glichen.<br \/>\nDie durch das Cookie erzeugten Informationen \u00fcber Ihre Benutzung dieses Onlineangebotes werden auf einem Server in den USA gespeichert. Dabei k\u00f6nnen aus den verarbeiteten Daten Nutzungsprofile der Nutzer erstellt werden, wobei diese nur zu Analyse- und nicht zu Werbezwecken eingesetzt werden. Weitere Informationen erhalten Sie in den Datenschutzerkl\u00e4rungen von Automattic: <a href=\"https:\/\/automattic.com\/privacy\/\">https:\/\/automattic.com\/privacy\/<\/a> und Hinweisen zu Jetpack-Cookies:<a href=\"https:\/\/jetpack.com\/support\/cookies\/\"> https:\/\/jetpack.com\/support\/cookies\/<\/a>.<\/p>\n<h3>Google Maps<\/h3>\n<p>Wir binden die Landkarten des Dienstes \u201cGoogle Maps\u201d des Anbieters Google LLC, 1600 Amphitheatre Parkway, Mountain View, CA 94043, USA, ein. Zu den verarbeiteten Daten k\u00f6nnen insbesondere IP-Adressen und Standortdaten der Nutzer geh\u00f6ren, die jedoch nicht ohne deren Einwilligung (im Regelfall im Rahmen der Einstellungen ihrer Mobilger\u00e4te vollzogen), erhoben werden. Die Daten k\u00f6nnen in den USA verarbeitet werden. Datenschutzerkl\u00e4rung: <a href=\"https:\/\/www.google.com\/policies\/privacy\/\">https:\/\/www.google.com\/policies\/privacy\/<\/a>, Opt-Out: <a href=\"https:\/\/adssettings.google.com\/authenticated\">https:\/\/adssettings.google.com\/authenticated<\/a>.<br \/>\nErstellt mit Datenschutz-Generator.de von RA Dr Thomas Schwenke<\/p>\n<h3>OpenStreetMap<\/h3>\n<p>Wir binden die Landkarten des Dienstes &#8222;OpenStreetMap&#8220; ein (<a href=\"https:\/\/www.openstreetmap.de\" target=\"_blank\" rel=\"noopener\">https:\/\/www.openstreetmap.de<\/a>), die auf Grundlage der Open Data Commons Open Database Lizenz (ODbL) durch die OpenStreetMap Foundation (OSMF) angeboten werden. Datenschutzerkl\u00e4rung: <a href=\"https:\/\/wiki.openstreetmap.org\/wiki\/Privacy_Policy\">https:\/\/wiki.openstreetmap.org\/wiki\/Privacy_Policy<\/a>. Nach unserer Kenntnis werden die Daten der Nutzer durch OpenStreetMap ausschlie\u00dflich zu Zwecken der Darstellung der Kartenfunktionen und Zwischenspeicherung der gew\u00e4hlten Einstellungen verwendet. Zu diesen Daten k\u00f6nnen insbesondere IP-Adressen und Standortdaten der Nutzer geh\u00f6ren, die jedoch nicht ohne deren Einwilligung (im Regelfall im Rahmen der Einstellungen ihrer Mobilger\u00e4te vollzogen), erhoben werden. Die Daten k\u00f6nnen in den USA verarbeitet werden. Weitere Informationen k\u00f6nnen Sie der Datenschutzerkl\u00e4rung von OpenStreetMap entnehmen: https:\/\/wiki.openstreetmap.org\/wiki\/Privacy_Policy.<\/p>\n<h3>Recht auf Auskunft, L\u00f6schung, Sperrung<\/h3>\n<p>Sie haben jederzeit das Recht auf unentgeltliche Auskunft \u00fcber Ihre gespeicherten personenbezogenen Daten, deren Herkunft und Empf\u00e4nger und den Zweck der Datenverarbeitung sowie ein Recht auf Berichtigung, Sperrung oder L\u00f6schung dieser Daten. Hierzu sowie zu weiteren Fragen zum Thema personenbezogene Daten k\u00f6nnen Sie sich jederzeit unter der im Impressum angegebenen Adresse an uns wenden.<\/p>\n<p>Quelle: <a href=\"http:\/\/e-recht24.de\" target=\"_blank\" rel=\"noopener\">e-recht24.de&nbsp;<\/a>und&nbsp;<a href=\"https:\/\/datenschutz-generator.de\/\" target=\"_blank\" rel=\"nofollow noopener\">RA Dr Thomas Schwenke<\/a><\/p>\n<p>&nbsp;<\/p>\n","protected":false},"excerpt":{"rendered":"<p>Verantwortlich f\u00fcr den Inhalt der Seite Judoabteilung TV Niederstetten Am Alten Berg 2 97996 Niederstetten Telefon: 07932\/604533 (Hauptverein) Hauptverein TV Niederstetten 1862 e.V. Seestra\u00dfe 2 97996 Niederstetten Telefon und Fax: 07932\/604272 E-Mail:buero@tv-niederstetten.de 1. Vorsitzende Sandra Lembke Hinweis: Idee, Konzept, Design und Layout dieser Homepage sind urheberechtlich gesch\u00fctzt. Jede Form der Nachahmung und Wiederver\u00f6ffentlichung von Texten, [&hellip;]<\/p>\n","protected":false},"author":1,"featured_media":0,"parent":0,"menu_order":0,"comment_status":"closed","ping_status":"closed","template":"","meta":{"ngg_post_thumbnail":0,"footnotes":""},"class_list":["post-24","page","type-page","status-publish","hentry"],"_links":{"self":[{"href":"http:\/\/www.judo-niederstetten.de\/cms\/wp-json\/wp\/v2\/pages\/24","targetHints":{"allow":["GET"]}}],"collection":[{"href":"http:\/\/www.judo-niederstetten.de\/cms\/wp-json\/wp\/v2\/pages"}],"about":[{"href":"http:\/\/www.judo-niederstetten.de\/cms\/wp-json\/wp\/v2\/types\/page"}],"author":[{"embeddable":true,"href":"http:\/\/www.judo-niederstetten.de\/cms\/wp-json\/wp\/v2\/users\/1"}],"replies":[{"embeddable":true,"href":"http:\/\/www.judo-niederstetten.de\/cms\/wp-json\/wp\/v2\/comments?post=24"}],"version-history":[{"count":10,"href":"http:\/\/www.judo-niederstetten.de\/cms\/wp-json\/wp\/v2\/pages\/24\/revisions"}],"predecessor-version":[{"id":1505,"href":"http:\/\/www.judo-niederstetten.de\/cms\/wp-json\/wp\/v2\/pages\/24\/revisions\/1505"}],"wp:attachment":[{"href":"http:\/\/www.judo-niederstetten.de\/cms\/wp-json\/wp\/v2\/media?parent=24"}],"curies":[{"name":"wp","href":"https:\/\/api.w.org\/{rel}","templated":true}]}}